{"id":15823,"date":"2026-02-10T12:17:07","date_gmt":"2026-02-10T11:17:07","guid":{"rendered":"https:\/\/new.4390.it\/registrazione-webi-cotafi\/"},"modified":"2026-02-25T12:28:26","modified_gmt":"2026-02-25T11:28:26","slug":"webi-cotafi-registration","status":"publish","type":"page","link":"https:\/\/new.4390.it\/en\/webi-cotafi-registration\/","title":{"rendered":"WeBi CoTaFi Registration"},"content":{"rendered":"\t\t<div data-elementor-type=\"wp-page\" data-elementor-id=\"15823\" class=\"elementor elementor-15823 elementor-15278\">\n\t\t\t\t<div class=\"elementor-element elementor-element-36afbff e-flex e-con-boxed sc_layouts_column_icons_position_left e-con e-parent\" data-id=\"36afbff\" data-element_type=\"container\" data-e-type=\"container\">\n\t\t\t\t\t<div class=\"e-con-inner\">\n\t\t<div class=\"elementor-element elementor-element-237b2e7 e-con-full e-flex sc_layouts_column_icons_position_left e-con e-child\" data-id=\"237b2e7\" data-element_type=\"container\" data-e-type=\"container\">\n\t\t<div class=\"elementor-element elementor-element-9904b73 e-con-full e-flex sc_layouts_column_icons_position_left e-con e-child\" data-id=\"9904b73\" data-element_type=\"container\" data-e-type=\"container\">\n\t\t\t\t<div class=\"elementor-element elementor-element-5648205 sc_fly_static elementor-widget elementor-widget-image\" data-id=\"5648205\" data-element_type=\"widget\" data-e-type=\"widget\" data-widget_type=\"image.default\">\n\t\t\t\t<div class=\"elementor-widget-container\">\n\t\t\t\t\t\t\t\t\t\t\t\t\t\t\t<img fetchpriority=\"high\" decoding=\"async\" width=\"1342\" height=\"379\" src=\"https:\/\/new.4390.it\/wp-content\/uploads\/2026\/02\/webi-4390all-blu-e1770980730579-1024x289.jpg\" class=\"attachment-large size-large wp-image-15743\" alt=\"\" \/>\t\t\t\t\t\t\t\t\t\t\t\t\t\t\t<\/div>\n\t\t\t\t<\/div>\n\t\t\t\t<div class=\"elementor-element elementor-element-638e73d sc_fly_static elementor-widget elementor-widget-heading\" data-id=\"638e73d\" data-element_type=\"widget\" data-e-type=\"widget\" data-widget_type=\"heading.default\">\n\t\t\t\t<div class=\"elementor-widget-container\">\n\t\t\t\t\t<h5 class=\"elementor-heading-title elementor-size-default\">Designed for hotels, vacation rentals, B&amp;Bs, and restaurants to book taxis for their customers in just a few steps.<\/h5>\t\t\t\t<\/div>\n\t\t\t\t<\/div>\n\t\t\t\t<\/div>\n\t\t<div class=\"elementor-element elementor-element-4659766 e-con-full e-flex sc_layouts_column_icons_position_left e-con e-child\" data-id=\"4659766\" data-element_type=\"container\" data-e-type=\"container\" data-settings=\"{&quot;background_background&quot;:&quot;classic&quot;}\">\n\t\t\t\t<div class=\"elementor-element elementor-element-9e3adb9 elementor-widget__width-initial sc_fly_static elementor-widget elementor-widget-text-editor\" data-id=\"9e3adb9\" data-element_type=\"widget\" data-e-type=\"widget\" data-widget_type=\"text-editor.default\">\n\t\t\t\t<div class=\"elementor-widget-container\">\n\t\t\t\t\t\t\t\t\t<h4><strong>Are you registered for WeBi 4390?<\/strong><\/h4><p>Log in to your account to book or call a taxi.<\/p><p><em>Reservations can be canceled up to thirty minutes before the deadline by accessing the List of Reservations Made.<\/em><\/p><p><em>Please remember to arrive a few minutes early for your appointment to avoid paying for any waiting time.<\/em><\/p>\t\t\t\t\t\t\t\t<\/div>\n\t\t\t\t<\/div>\n\t\t\t\t<div class=\"elementor-element elementor-element-a889eb7 sc_fly_static elementor-widget elementor-widget-trx_sc_button\" data-id=\"a889eb7\" data-element_type=\"widget\" data-e-type=\"widget\" data-widget_type=\"trx_sc_button.default\">\n\t\t\t\t<div class=\"elementor-widget-container\">\n\t\t\t\t\t<div\tclass=\"sc_item_button sc_button_wrap sc_align_center\" ><a href=\"https:\/\/cotafi.taximobile.it\/it\/login\" class=\"sc_button sc_button_default sc_button_size_normal sc_button_icon_left\" target=\"_blank\" ><span class=\"sc_button_text\"><span class=\"sc_button_title\">Book a Taxi<\/span><\/span><\/a><\/div>\t\t\t\t<\/div>\n\t\t\t\t<\/div>\n\t\t\t\t<\/div>\n\t\t\t\t<\/div>\n\t\t\t\t\t<\/div>\n\t\t\t\t<\/div>\n\t\t<div class=\"elementor-element elementor-element-19144f3 e-flex e-con-boxed sc_layouts_column_icons_position_left e-con e-parent\" data-id=\"19144f3\" data-element_type=\"container\" data-e-type=\"container\">\n\t\t\t\t\t<div class=\"e-con-inner\">\n\t\t\t\t<div class=\"elementor-element elementor-element-8e44acb sc_fly_static elementor-widget elementor-widget-text-editor\" data-id=\"8e44acb\" data-element_type=\"widget\" data-e-type=\"widget\" data-widget_type=\"text-editor.default\">\n\t\t\t\t<div class=\"elementor-widget-container\">\n\t\t\t\t\t\t\t\t\t<p><strong>To use the service, you must register using the form below.<\/strong><\/p><p>Once you have registered, you will receive an email from our Technical Department containing a summary of the data you have entered and the username to be used (automatically assigned by the technical department).<\/p>\t\t\t\t\t\t\t\t<\/div>\n\t\t\t\t<\/div>\n\t\t\t\t<div class=\"elementor-element elementor-element-60a079f sc_fly_static elementor-widget elementor-widget-html\" data-id=\"60a079f\" data-element_type=\"widget\" data-e-type=\"widget\" data-widget_type=\"html.default\">\n\t\t\t\t<div class=\"elementor-widget-container\">\n\t\t\t\t\t\n<div class=\"wpcf7 no-js\" id=\"wpcf7-f15821-o1\" lang=\"it-IT\" dir=\"ltr\" data-wpcf7-id=\"15821\">\n<div class=\"screen-reader-response\"><p role=\"status\" aria-live=\"polite\" aria-atomic=\"true\"><\/p> <ul><\/ul><\/div>\n<form action=\"\/en\/wp-json\/wp\/v2\/pages\/15823#wpcf7-f15821-o1\" method=\"post\" class=\"wpcf7-form init\" aria-label=\"Modulo di contatto\" novalidate=\"novalidate\" data-status=\"init\">\n<fieldset class=\"hidden-fields-container\"><input type=\"hidden\" name=\"_wpcf7\" value=\"15821\" \/><input type=\"hidden\" name=\"_wpcf7_version\" value=\"6.1.5\" \/><input type=\"hidden\" name=\"_wpcf7_locale\" value=\"it_IT\" \/><input type=\"hidden\" name=\"_wpcf7_unit_tag\" value=\"wpcf7-f15821-o1\" \/><input type=\"hidden\" name=\"_wpcf7_container_post\" value=\"0\" \/><input type=\"hidden\" name=\"_wpcf7_posted_data_hash\" value=\"\" \/><input type=\"hidden\" name=\"_wpcf7_recaptcha_response\" value=\"\" \/>\n<\/fieldset>\n<h3>Registration to WeBi\n<\/h3>\n<p>Fields marked with \"*\" are mandatory.\n<\/p>\n\n<!-- 2 campi -->\n<div class=\"row row-2\">\n\t<div class=\"col\">\n\t\t<p><label>Surname \/ Company name *<br \/>\n<span class=\"wpcf7-form-control-wrap\" data-name=\"cognome_ragione_sociale\"><input size=\"40\" maxlength=\"400\" class=\"wpcf7-form-control wpcf7-text wpcf7-validates-as-required\" aria-required=\"true\" aria-invalid=\"false\" value=\"\" type=\"text\" name=\"cognome_ragione_sociale\" \/><\/span><br \/>\n<\/label>\n\t\t<\/p>\n\t<\/div>\n\t<div class=\"col\">\n\t\t<p><label>First name<br \/>\n<span class=\"wpcf7-form-control-wrap\" data-name=\"nome\"><input size=\"40\" maxlength=\"400\" class=\"wpcf7-form-control wpcf7-text\" aria-invalid=\"false\" value=\"\" type=\"text\" name=\"nome\" \/><\/span><br \/>\n<\/label>\n\t\t<\/p>\n\t<\/div>\n<\/div>\n\n<!-- 3 campi -->\n<div class=\"row row-3\">\n\t<div class=\"col\">\n\t\t<p><label>Landline phone<br \/>\n<span class=\"wpcf7-form-control-wrap\" data-name=\"telefono_fisso\"><input size=\"40\" maxlength=\"400\" class=\"wpcf7-form-control wpcf7-tel wpcf7-text wpcf7-validates-as-tel\" aria-invalid=\"false\" value=\"\" type=\"tel\" name=\"telefono_fisso\" \/><\/span><br \/>\n<\/label>\n\t\t<\/p>\n\t<\/div>\n\t<div class=\"col\">\n\t\t<p><label>Mobile phone *<br \/>\n<span class=\"wpcf7-form-control-wrap\" data-name=\"telefono_cellulare\"><input size=\"40\" maxlength=\"400\" class=\"wpcf7-form-control wpcf7-tel wpcf7-validates-as-required wpcf7-text wpcf7-validates-as-tel\" aria-required=\"true\" aria-invalid=\"false\" value=\"\" type=\"tel\" name=\"telefono_cellulare\" \/><\/span><br \/>\n<\/label>\n\t\t<\/p>\n\t<\/div>\n\t<div class=\"col\">\n\t\t<p><label>E-mail *<br \/>\n<span class=\"wpcf7-form-control-wrap\" data-name=\"email\"><input size=\"40\" maxlength=\"400\" class=\"wpcf7-form-control wpcf7-email wpcf7-validates-as-required wpcf7-text wpcf7-validates-as-email\" aria-required=\"true\" aria-invalid=\"false\" value=\"\" type=\"email\" name=\"email\" \/><\/span><br \/>\n<\/label>\n\t\t<\/p>\n\t<\/div>\n<\/div>\n<hr \/>\n<h4>Address for Taxis\n<\/h4>\n<!-- 2 campi -->\n<div class=\"row row-2\">\n\t<div class=\"col\">\n\t\t<p><label>Address *<br \/>\n<span class=\"wpcf7-form-control-wrap\" data-name=\"indirizzo\"><input size=\"40\" maxlength=\"400\" class=\"wpcf7-form-control wpcf7-text wpcf7-validates-as-required\" aria-required=\"true\" aria-invalid=\"false\" value=\"\" type=\"text\" name=\"indirizzo\" \/><\/span><br \/>\n<\/label>\n\t\t<\/p>\n\t<\/div>\n\t<div class=\"col\">\n\t\t<p><label>Street number *<br \/>\n<span class=\"wpcf7-form-control-wrap\" data-name=\"numero_civico\"><input size=\"40\" maxlength=\"400\" class=\"wpcf7-form-control wpcf7-text wpcf7-validates-as-required\" aria-required=\"true\" aria-invalid=\"false\" value=\"\" type=\"text\" name=\"numero_civico\" \/><\/span><br \/>\n<\/label>\n\t\t<\/p>\n\t<\/div>\n<\/div>\n\n<!-- 3 campi -->\n<div class=\"row row-3\">\n\t<div class=\"col\">\n\t\t<p><label>ZIP code *<br \/>\n<span class=\"wpcf7-form-control-wrap\" data-name=\"cap\"><input size=\"40\" maxlength=\"5\" class=\"wpcf7-form-control wpcf7-text wpcf7-validates-as-required\" aria-required=\"true\" aria-invalid=\"false\" value=\"\" type=\"text\" name=\"cap\" \/><\/span><br \/>\n<\/label>\n\t\t<\/p>\n\t<\/div>\n\t<div class=\"col\">\n\t\t<p><label>City *<br \/>\n<span class=\"wpcf7-form-control-wrap\" data-name=\"citta\"><input size=\"40\" maxlength=\"400\" class=\"wpcf7-form-control wpcf7-text wpcf7-validates-as-required\" aria-required=\"true\" aria-invalid=\"false\" value=\"\" type=\"text\" name=\"citta\" \/><\/span><br \/>\n<\/label>\n\t\t<\/p>\n\t<\/div>\n\t<div class=\"col\">\n\t\t<p><label>Province *<br \/>\n<span class=\"wpcf7-form-control-wrap\" data-name=\"provincia\"><input size=\"40\" maxlength=\"2\" class=\"wpcf7-form-control wpcf7-text wpcf7-validates-as-required\" aria-required=\"true\" aria-invalid=\"false\" placeholder=\"EX: PI\" value=\"\" type=\"text\" name=\"provincia\" \/><\/span><br \/>\n<\/label>\n\t\t<\/p>\n\t<\/div>\n<\/div>\n<hr \/>\n\n<!-- 2 campi -->\n<div class=\"row row-2\">\n\t<div class=\"col\">\n\t\t<p><strong>Enter a password from 4 to 8 alphabetic characters in UPPERCASE<\/strong>\n\t\t<\/p>\n\t<\/div>\n\t<div class=\"col\">\n\t\t<p><label>Password *<br \/>\n<span class=\"wpcf7-form-control-wrap\" data-name=\"password\"><input size=\"40\" maxlength=\"8\" minlength=\"4\" class=\"wpcf7-form-control wpcf7-text wpcf7-validates-as-required\" aria-required=\"true\" aria-invalid=\"false\" value=\"\" type=\"text\" name=\"password\" \/><\/span><br \/>\n<\/label>\n\t\t<\/p>\n\t<\/div>\n<\/div>\n<hr \/>\n<p><strong>Consent *<\/strong>\n<\/p>\n<p><br \/>\n<span class=\"wpcf7-form-control-wrap\" data-name=\"consenso\"><span class=\"wpcf7-form-control wpcf7-checkbox wpcf7-validates-as-required\"><span class=\"wpcf7-list-item first last\"><label><input type=\"checkbox\" name=\"consenso[]\" value=\"By checking the consent box, the user declares that they are aware of sending the above data to the Cooperativa Tassisti Fiorentini and specifically authorizes the latter to process such data.\" \/><span class=\"wpcf7-list-item-label\">By checking the consent box, the user declares that they are aware of sending the above data to the Cooperativa Tassisti Fiorentini and specifically authorizes the latter to process such data.<\/span><\/label><\/span><\/span><\/span>\n<\/p>\n<p><input class=\"wpcf7-form-control wpcf7-submit has-spinner\" type=\"submit\" value=\"Send request\" \/>\n<\/p><div class=\"wpcf7-response-output\" aria-hidden=\"true\"><\/div>\n<\/form>\n<\/div>\n\t\t\t\t<\/div>\n\t\t\t\t<\/div>\n\t\t\t\t<div class=\"elementor-element elementor-element-1c717c5 sc_fly_static elementor-widget elementor-widget-html\" data-id=\"1c717c5\" data-element_type=\"widget\" data-e-type=\"widget\" data-widget_type=\"html.default\">\n\t\t\t\t<div class=\"elementor-widget-container\">\n\t\t\t\t\t<script>document.addEventListener('input', function(e){\r\n  const el = e.target;\r\n  if (!el || el.name !== 'password') return;\r\n\r\n  el.value = (el.value || '')\r\n    .toUpperCase()\r\n    .replace(\/[^A-Z]\/g, '')\r\n    .slice(0, 8);\r\n});\r\n<\/script>\t\t\t\t<\/div>\n\t\t\t\t<\/div>\n\t\t\t\t\t<\/div>\n\t\t\t\t<\/div>\n\t\t<a class=\"e-con-gap-no trx_addons_has_bg_text elementor-element elementor-element-f5a1bf5 e-con-full e-flex sc_layouts_column_icons_position_left e-con e-parent\" data-bg-text=\"{&quot;bg_text&quot;:&quot;Download free APP[divider]Download FREE![divider]your taxi in Florence[divider]Download free APP&quot;,&quot;bg_text_effect&quot;:&quot;none&quot;,&quot;bg_text_overlay&quot;:{&quot;url&quot;:&quot;&quot;,&quot;id&quot;:&quot;&quot;,&quot;size&quot;:&quot;&quot;,&quot;alt&quot;:&quot;&quot;,&quot;source&quot;:&quot;library&quot;},&quot;bg_text_left&quot;:{&quot;unit&quot;:&quot;%&quot;,&quot;size&quot;:4,&quot;sizes&quot;:[]},&quot;bg_text_top&quot;:{&quot;unit&quot;:&quot;px&quot;,&quot;size&quot;:47,&quot;sizes&quot;:[]},&quot;bg_text_z_index&quot;:{&quot;unit&quot;:&quot;px&quot;,&quot;size&quot;:0,&quot;sizes&quot;:[]},&quot;bg_text_marquee&quot;:{&quot;unit&quot;:&quot;px&quot;,&quot;size&quot;:7,&quot;sizes&quot;:[]},&quot;bg_text_marquee_hover&quot;:&quot;&quot;,&quot;bg_text_marquee_margin&quot;:{&quot;unit&quot;:&quot;px&quot;,&quot;size&quot;:63,&quot;sizes&quot;:[]},&quot;bg_text_reverse&quot;:0,&quot;bg_text_accelerate&quot;:0,&quot;bg_text_delimiter_icon&quot;:&quot;&quot;,&quot;bg_text_delimiter_image&quot;:&quot;https:\\\/\\\/www.4390.it\\\/wp-content\\\/uploads\\\/2024\\\/09\\\/taxi-move-download-free.png&quot;,&quot;bg_text_delimiter_svg&quot;:&quot;&quot;,&quot;bg_text_delimiter_rotation&quot;:0}\" data-id=\"f5a1bf5\" data-element_type=\"container\" data-e-type=\"container\" data-settings=\"{&quot;background_background&quot;:&quot;classic&quot;}\" href=\"https:\/\/www.taximove.it\/download\">\n\t\t\t\t<\/a>\n\t\t\t\t<\/div>\n\t\t","protected":false},"excerpt":{"rendered":"<p>Book or call a taxi Designed for hotels, vacation rentals, B&amp;Bs, and restaurants&hellip;<\/p>\n","protected":false},"author":3,"featured_media":15785,"parent":0,"menu_order":0,"comment_status":"closed","ping_status":"closed","template":"","meta":{"footnotes":""},"class_list":["post-15823","page","type-page","status-publish","has-post-thumbnail","hentry"],"yoast_head":"<!-- This site is optimized with the Yoast SEO plugin v27.1.1 - https:\/\/yoast.com\/product\/yoast-seo-wordpress\/ -->\n<title>Book or call a taxi 4390<\/title>\n<meta name=\"description\" content=\"Discover WeBi, the service dedicated to hotels, tourist apartments, B&amp;Bs, and restaurants for booking taxis for their customers in just a few steps.\" \/>\n<meta name=\"robots\" content=\"index, follow, max-snippet:-1, max-image-preview:large, max-video-preview:-1\" \/>\n<link rel=\"canonical\" href=\"https:\/\/new.4390.it\/en\/webi-cotafi-registration\/\" \/>\n<meta property=\"og:locale\" content=\"en_US\" \/>\n<meta property=\"og:type\" content=\"article\" \/>\n<meta property=\"og:title\" content=\"Book or call a taxi 4390\" \/>\n<meta property=\"og:description\" content=\"Discover WeBi, the service dedicated to hotels, tourist apartments, B&amp;Bs, and restaurants for booking taxis for their customers in just a few steps.\" \/>\n<meta property=\"og:url\" content=\"https:\/\/new.4390.it\/en\/webi-cotafi-registration\/\" \/>\n<meta property=\"og:site_name\" content=\"Taxi 4390 Firenze\" \/>\n<meta property=\"article:modified_time\" content=\"2026-02-25T11:28:26+00:00\" \/>\n<meta name=\"twitter:card\" content=\"summary_large_image\" \/>\n<meta name=\"twitter:label1\" content=\"Est. reading time\" \/>\n\t<meta name=\"twitter:data1\" content=\"2 minutes\" \/>\n<script type=\"application\/ld+json\" class=\"yoast-schema-graph\">{\"@context\":\"https:\/\/schema.org\",\"@graph\":[{\"@type\":\"WebPage\",\"@id\":\"https:\/\/new.4390.it\/en\/webi-cotafi-registration\/\",\"url\":\"https:\/\/new.4390.it\/en\/webi-cotafi-registration\/\",\"name\":\"Book or call a taxi 4390\",\"isPartOf\":{\"@id\":\"https:\/\/new.4390.it\/#website\"},\"primaryImageOfPage\":{\"@id\":\"https:\/\/new.4390.it\/en\/webi-cotafi-registration\/#primaryimage\"},\"image\":{\"@id\":\"https:\/\/new.4390.it\/en\/webi-cotafi-registration\/#primaryimage\"},\"thumbnailUrl\":\"https:\/\/new.4390.it\/wp-content\/uploads\/2026\/02\/webi-4390orange-square-1.svg\",\"datePublished\":\"2026-02-10T11:17:07+00:00\",\"dateModified\":\"2026-02-25T11:28:26+00:00\",\"description\":\"Discover WeBi, the service dedicated to hotels, tourist apartments, B&Bs, and restaurants for booking taxis for their customers in just a few steps.\",\"breadcrumb\":{\"@id\":\"https:\/\/new.4390.it\/en\/webi-cotafi-registration\/#breadcrumb\"},\"inLanguage\":\"en-US\",\"potentialAction\":[{\"@type\":\"ReadAction\",\"target\":[\"https:\/\/new.4390.it\/en\/webi-cotafi-registration\/\"]}]},{\"@type\":\"ImageObject\",\"inLanguage\":\"en-US\",\"@id\":\"https:\/\/new.4390.it\/en\/webi-cotafi-registration\/#primaryimage\",\"url\":\"https:\/\/new.4390.it\/wp-content\/uploads\/2026\/02\/webi-4390orange-square-1.svg\",\"contentUrl\":\"https:\/\/new.4390.it\/wp-content\/uploads\/2026\/02\/webi-4390orange-square-1.svg\",\"width\":800,\"height\":571},{\"@type\":\"BreadcrumbList\",\"@id\":\"https:\/\/new.4390.it\/en\/webi-cotafi-registration\/#breadcrumb\",\"itemListElement\":[{\"@type\":\"ListItem\",\"position\":1,\"name\":\"Home\",\"item\":\"https:\/\/new.4390.it\/en\/\"},{\"@type\":\"ListItem\",\"position\":2,\"name\":\"WeBi CoTaFi Registration\"}]},{\"@type\":\"WebSite\",\"@id\":\"https:\/\/new.4390.it\/#website\",\"url\":\"https:\/\/new.4390.it\/\",\"name\":\"Taxi 4390 Firenze\",\"description\":\"Benvenuti sul sito di Taxi Firenze 4390, rapidit\u00e0, cortesia e competenza, per i vostri spostamenti a Firenze con puntualit\u00e0 e comodit\u00e0.\",\"publisher\":{\"@id\":\"https:\/\/new.4390.it\/#organization\"},\"potentialAction\":[{\"@type\":\"SearchAction\",\"target\":{\"@type\":\"EntryPoint\",\"urlTemplate\":\"https:\/\/new.4390.it\/?s={search_term_string}\"},\"query-input\":{\"@type\":\"PropertyValueSpecification\",\"valueRequired\":true,\"valueName\":\"search_term_string\"}}],\"inLanguage\":\"en-US\"},{\"@type\":\"Organization\",\"@id\":\"https:\/\/new.4390.it\/#organization\",\"name\":\"Taxi 4390 Firenze\",\"url\":\"https:\/\/new.4390.it\/\",\"logo\":{\"@type\":\"ImageObject\",\"inLanguage\":\"en-US\",\"@id\":\"https:\/\/new.4390.it\/#\/schema\/logo\/image\/\",\"url\":\"https:\/\/new.4390.it\/wp-content\/uploads\/2025\/06\/cropped-cropped-4390-taxi-Firenze-logo-onwhite-1.png\",\"contentUrl\":\"https:\/\/new.4390.it\/wp-content\/uploads\/2025\/06\/cropped-cropped-4390-taxi-Firenze-logo-onwhite-1.png\",\"width\":1500,\"height\":360,\"caption\":\"Taxi 4390 Firenze\"},\"image\":{\"@id\":\"https:\/\/new.4390.it\/#\/schema\/logo\/image\/\"}}]}<\/script>\n<!-- \/ Yoast SEO plugin. -->","yoast_head_json":{"title":"Book or call a taxi 4390","description":"Discover WeBi, the service dedicated to hotels, tourist apartments, B&Bs, and restaurants for booking taxis for their customers in just a few steps.","robots":{"index":"index","follow":"follow","max-snippet":"max-snippet:-1","max-image-preview":"max-image-preview:large","max-video-preview":"max-video-preview:-1"},"canonical":"https:\/\/new.4390.it\/en\/webi-cotafi-registration\/","og_locale":"en_US","og_type":"article","og_title":"Book or call a taxi 4390","og_description":"Discover WeBi, the service dedicated to hotels, tourist apartments, B&Bs, and restaurants for booking taxis for their customers in just a few steps.","og_url":"https:\/\/new.4390.it\/en\/webi-cotafi-registration\/","og_site_name":"Taxi 4390 Firenze","article_modified_time":"2026-02-25T11:28:26+00:00","twitter_card":"summary_large_image","twitter_misc":{"Est. reading time":"2 minutes"},"schema":{"@context":"https:\/\/schema.org","@graph":[{"@type":"WebPage","@id":"https:\/\/new.4390.it\/en\/webi-cotafi-registration\/","url":"https:\/\/new.4390.it\/en\/webi-cotafi-registration\/","name":"Book or call a taxi 4390","isPartOf":{"@id":"https:\/\/new.4390.it\/#website"},"primaryImageOfPage":{"@id":"https:\/\/new.4390.it\/en\/webi-cotafi-registration\/#primaryimage"},"image":{"@id":"https:\/\/new.4390.it\/en\/webi-cotafi-registration\/#primaryimage"},"thumbnailUrl":"https:\/\/new.4390.it\/wp-content\/uploads\/2026\/02\/webi-4390orange-square-1.svg","datePublished":"2026-02-10T11:17:07+00:00","dateModified":"2026-02-25T11:28:26+00:00","description":"Discover WeBi, the service dedicated to hotels, tourist apartments, B&Bs, and restaurants for booking taxis for their customers in just a few steps.","breadcrumb":{"@id":"https:\/\/new.4390.it\/en\/webi-cotafi-registration\/#breadcrumb"},"inLanguage":"en-US","potentialAction":[{"@type":"ReadAction","target":["https:\/\/new.4390.it\/en\/webi-cotafi-registration\/"]}]},{"@type":"ImageObject","inLanguage":"en-US","@id":"https:\/\/new.4390.it\/en\/webi-cotafi-registration\/#primaryimage","url":"https:\/\/new.4390.it\/wp-content\/uploads\/2026\/02\/webi-4390orange-square-1.svg","contentUrl":"https:\/\/new.4390.it\/wp-content\/uploads\/2026\/02\/webi-4390orange-square-1.svg","width":800,"height":571},{"@type":"BreadcrumbList","@id":"https:\/\/new.4390.it\/en\/webi-cotafi-registration\/#breadcrumb","itemListElement":[{"@type":"ListItem","position":1,"name":"Home","item":"https:\/\/new.4390.it\/en\/"},{"@type":"ListItem","position":2,"name":"WeBi CoTaFi Registration"}]},{"@type":"WebSite","@id":"https:\/\/new.4390.it\/#website","url":"https:\/\/new.4390.it\/","name":"Taxi 4390 Firenze","description":"Benvenuti sul sito di Taxi Firenze 4390, rapidit\u00e0, cortesia e competenza, per i vostri spostamenti a Firenze con puntualit\u00e0 e comodit\u00e0.","publisher":{"@id":"https:\/\/new.4390.it\/#organization"},"potentialAction":[{"@type":"SearchAction","target":{"@type":"EntryPoint","urlTemplate":"https:\/\/new.4390.it\/?s={search_term_string}"},"query-input":{"@type":"PropertyValueSpecification","valueRequired":true,"valueName":"search_term_string"}}],"inLanguage":"en-US"},{"@type":"Organization","@id":"https:\/\/new.4390.it\/#organization","name":"Taxi 4390 Firenze","url":"https:\/\/new.4390.it\/","logo":{"@type":"ImageObject","inLanguage":"en-US","@id":"https:\/\/new.4390.it\/#\/schema\/logo\/image\/","url":"https:\/\/new.4390.it\/wp-content\/uploads\/2025\/06\/cropped-cropped-4390-taxi-Firenze-logo-onwhite-1.png","contentUrl":"https:\/\/new.4390.it\/wp-content\/uploads\/2025\/06\/cropped-cropped-4390-taxi-Firenze-logo-onwhite-1.png","width":1500,"height":360,"caption":"Taxi 4390 Firenze"},"image":{"@id":"https:\/\/new.4390.it\/#\/schema\/logo\/image\/"}}]}},"_links":{"self":[{"href":"https:\/\/new.4390.it\/en\/wp-json\/wp\/v2\/pages\/15823","targetHints":{"allow":["GET"]}}],"collection":[{"href":"https:\/\/new.4390.it\/en\/wp-json\/wp\/v2\/pages"}],"about":[{"href":"https:\/\/new.4390.it\/en\/wp-json\/wp\/v2\/types\/page"}],"author":[{"embeddable":true,"href":"https:\/\/new.4390.it\/en\/wp-json\/wp\/v2\/users\/3"}],"replies":[{"embeddable":true,"href":"https:\/\/new.4390.it\/en\/wp-json\/wp\/v2\/comments?post=15823"}],"version-history":[{"count":6,"href":"https:\/\/new.4390.it\/en\/wp-json\/wp\/v2\/pages\/15823\/revisions"}],"predecessor-version":[{"id":15855,"href":"https:\/\/new.4390.it\/en\/wp-json\/wp\/v2\/pages\/15823\/revisions\/15855"}],"wp:featuredmedia":[{"embeddable":true,"href":"https:\/\/new.4390.it\/en\/wp-json\/wp\/v2\/media\/15785"}],"wp:attachment":[{"href":"https:\/\/new.4390.it\/en\/wp-json\/wp\/v2\/media?parent=15823"}],"curies":[{"name":"wp","href":"https:\/\/api.w.org\/{rel}","templated":true}]}}